{"id":94,"date":"2018-11-01T00:50:18","date_gmt":"2018-10-31T23:50:18","guid":{"rendered":"http:\/\/polana.de\/?page_id=94"},"modified":"2026-04-14T16:36:37","modified_gmt":"2026-04-14T14:36:37","slug":"termine","status":"publish","type":"page","link":"https:\/\/polana.de\/pl\/termine\/","title":{"rendered":"Daty spotka\u0144"},"content":{"rendered":"<p>Tutaj zamieszczamy najbli\u017csze daty spotka\u0144.<br \/>Prosimy tak\u017ce w dniu spotkania o sprawdzenie na stronie, czy dane spotkanie nie zosta\u0142o odwo\u0142ane.<\/p>\n<p><span style=\"color: #000000; font-size: 1em;\"><span style=\"color: #0000ff;\"><strong><span style=\"color: #800000;\"><span style=\"color: #0000ff;\"><span style=\"font-size: 1em;\"><br \/>Sobota, 25.04.2026, (od. godz. 11:00)<del><br \/><\/del><\/span><\/span><\/span><\/strong><\/span><\/span><span style=\"font-size: 1em;\"><span style=\"font-size: 1em;\"><del>Sobota, 11.04.2026, (od. godz. 11:00)<\/del><\/span><\/span><span style=\"color: #000000; font-size: 1em;\"><span style=\"color: #0000ff;\"><strong><span style=\"color: #800000;\"><span style=\"color: #0000ff;\"><span style=\"font-size: 1em;\"><span style=\"color: #ff0000;\">!!! spotkanie odwolane !!!<\/span><br \/><\/span><\/span><\/span><\/strong><\/span><\/span><span style=\"font-size: 1em;\"><span style=\"font-size: 1em;\">Sobota, 28.03.2026, (od. godz. 11:00)<\/span><\/span><span style=\"color: #000000; font-size: 1em;\"><span style=\"color: #0000ff;\"><strong><span style=\"color: #800000;\"><span style=\"color: #0000ff;\"><span style=\"font-size: 1em;\"><br \/><\/span><\/span><\/span><\/strong><\/span><\/span><span style=\"font-size: 1em;\"><span style=\"font-size: 1em;\">Sobota, 14.03.2026, (od. godz. 11:00)<\/span><\/span><span style=\"color: #000000; font-size: 1em;\"><span style=\"color: #0000ff;\"><strong><span style=\"color: #800000;\"><span style=\"color: #0000ff;\"><span style=\"font-size: 1em;\"><br \/><\/span><\/span><\/span><\/strong><\/span><\/span><span style=\"font-size: 1em;\"><span style=\"font-size: 1em;\">Sobota, 28.02.2026, (od. godz. 11:00)<\/span><\/span><span style=\"color: #000000; font-size: 1em;\"><span style=\"color: #0000ff;\"><strong><span style=\"color: #800000;\"><span style=\"color: #0000ff;\"><br \/><\/span><\/span><\/strong><\/span><\/span><span style=\"font-size: 1em;\">Sobota, 14.02.2026, (od. godz. 11:00) <\/span><span style=\"font-size: 1em;\">bal karnawa\u0142owy<\/span><span style=\"color: #000000; font-size: 1em;\"><span style=\"color: #0000ff;\"><strong><span style=\"color: #800000;\"><span style=\"color: #0000ff;\"><br \/><\/span><\/span><\/strong><\/span><\/span><span style=\"font-size: 1em;\"><span style=\"font-size: 1em;\">Sobota, 24.01.2026, (od. godz. 11:00)<\/span><\/span><span style=\"color: #000000; font-size: 1em;\"><span style=\"color: #0000ff;\"><strong><span style=\"color: #800000;\"><br \/><\/span><\/strong><\/span><\/span><span style=\"font-size: 1em;\"><del>Sobota, 10.01.2026, (od. godz. 11:00)<\/del><br \/>Sobota, 13.12.2025, (od. godz. 11:00)<br \/>Sobota, 29.11.2025, (od. godz. 11:00)<\/span><span style=\"color: #000000; font-size: 1em;\"><span style=\"color: #0000ff;\"><br \/><\/span><\/span><span style=\"font-size: 1em;\"><del>Sobota, 22.11.2025, (od. godz. 11:00)<\/del><\/span><span style=\"font-size: 1em;\"><strong><br \/><\/strong><\/span><span style=\"font-size: 1em;\">Sobota, 08.11.2025, (od. godz. 11:00)<\/span><span style=\"color: #000000; font-size: 1em;\"><span style=\"color: #0000ff;\"><strong><br \/><\/strong><\/span><\/span><span style=\"font-size: 1em;\"><del>Sobota, 25.10.2025, (od. godz. 11:00)<\/del><\/span><span style=\"font-size: 1em;\"><strong><br \/><\/strong>Sobota, 11.10.2025, (od. godz. 11:00)<\/span><span style=\"font-size: 1em;\"><del><br \/>Sobota, 27.09.2025, (od. godz. 11:00)<\/del><\/span><span style=\"color: #000000; font-size: 1em;\"><br \/><\/span><span style=\"font-size: 1em;\">Sobota, 13.09.2025, (od. godz. 11:00)<\/span><span style=\"font-size: 1em;\"><br \/><\/span>Sobota, 28.06.2025, (od. godz. 11:00) ostatnie spotkanie przed wakacjami<br \/>Sobota, 14.06.2025, (od. godz. 11:00)<del><br \/>Sobota, 24.05.2025, (od. godz. 11:00)<\/del><span style=\"color: #0000ff;\"><span style=\"color: #333333;\"><strong><span style=\"color: #0000ff;\"><br \/><\/span><\/strong><\/span><\/span>Sobota, 10.05.2025, (od. godz. 11:00)<span style=\"color: #0000ff;\"><span style=\"color: #333333;\"><strong><span style=\"color: #0000ff;\"><br \/><\/span><\/strong><\/span><\/span>Sobota, 26.04.2025, (od. godz. 11:00)<span style=\"color: #0000ff;\"><span style=\"color: #333333;\"><strong><br \/><\/strong>Sobota, 22.03.2025, (od. godz. 11:00)<\/span><\/span><\/p>\n<p><span style=\"color: #000000;\">Sobota, 08.03.2025, (od. godz. 11:00)<\/span><\/p>\n<p>Sobota, 08.02.2025, (od. godz. 11:00)<strong><br \/><\/strong><br \/>Sobota, 25.01.2025, (od. godz. 11:00)<\/p>\n\n\n\r\n<div id=\"wca6859165348e6558bcdf7d8f3a62eabc\" class=\"wcContainer wcContainerSidebar wcAirflowTheme \" data-wc-config=\"{&quot;chatId&quot;:&quot;wca6859165348e6558bcdf7d8f3a62eabc&quot;,&quot;checksum&quot;:&quot;YWxwTFpqWXZaamRxWld0WlRqRnZSVTFLWlZCMFdXOXlWakpPVkZSdVUwRXlZWFk1VFRaMlNVWkdNVlZ4VFVWR2RUUTJRV3BxVW1jMU0yRkdkWEI0Vnc9PQ==&quot;,&quot;isMultisite&quot;:false,&quot;blogId&quot;:1,&quot;theme&quot;:&quot;airflow&quot;,&quot;themeClassName&quot;:&quot;wcAirflowTheme&quot;,&quot;baseDir&quot;:&quot;https:\\\/\\\/polana.de\\\/wp-content\\\/plugins\\\/wise-chat\\\/&quot;,&quot;mode&quot;:1,&quot;channelIds&quot;:[3],&quot;nowTime&quot;:&quot;2026-04-15T08:43:04+00:00&quot;,&quot;messagesOrder&quot;:&quot;ascending&quot;,&quot;debug&quot;:false,&quot;interface&quot;:{&quot;auth&quot;:{&quot;mode&quot;:&quot;username&quot;,&quot;username&quot;:{&quot;fields&quot;:[],&quot;intro&quot;:&quot;&quot;},&quot;error&quot;:null},&quot;chat&quot;:{&quot;title&quot;:&quot;Chat&quot;,&quot;publicEnabled&quot;:false,&quot;classic&quot;:{&quot;channelsView&quot;:&quot;tabs&quot;},&quot;mobile&quot;:{&quot;tabs&quot;:{&quot;chats&quot;:false}}},&quot;channel&quot;:{&quot;inputLocation&quot;:&quot;bottom&quot;,&quot;directEnabled&quot;:true,&quot;direct&quot;:{&quot;closeConfirmation&quot;:false,&quot;title&quot;:&quot;&quot;}},&quot;message&quot;:{&quot;compact&quot;:true,&quot;timeMode&quot;:&quot;&quot;,&quot;dateFormat&quot;:&quot;&quot;,&quot;timeFormat&quot;:&quot;&quot;,&quot;senderMode&quot;:3,&quot;links&quot;:true,&quot;attachments&quot;:true,&quot;attachmentsVideoPlayer&quot;:true,&quot;attachmentsSoundPlayer&quot;:true,&quot;images&quot;:true,&quot;imagesViewer&quot;:&quot;internal&quot;,&quot;yt&quot;:true,&quot;ytWidth&quot;:186,&quot;ytHeight&quot;:105,&quot;tt&quot;:true},&quot;input&quot;:{&quot;userName&quot;:false,&quot;submit&quot;:true,&quot;multiline&quot;:false,&quot;multilineEasy&quot;:false,&quot;maxLength&quot;:600,&quot;emoticons&quot;:{&quot;enabled&quot;:true,&quot;set&quot;:1,&quot;size&quot;:32,&quot;custom&quot;:[],&quot;customPopupWidth&quot;:0,&quot;customPopupHeight&quot;:0,&quot;customEmoticonMaxWidthInPopup&quot;:0,&quot;baseURL&quot;:&quot;https:\\\/\\\/polana.de\\\/wp-content\\\/plugins\\\/wise-chat\\\/gfx\\\/emoticons\\\/&quot;},&quot;images&quot;:{&quot;enabled&quot;:true,&quot;sizeLimit&quot;:3145728},&quot;attachments&quot;:{&quot;enabled&quot;:true,&quot;extensionsList&quot;:&quot;.mp3,.pdf,.doc,.docx,.mp4,.webm,.wav&quot;,&quot;validFileFormats&quot;:[&quot;mp3&quot;,&quot;pdf&quot;,&quot;doc&quot;,&quot;docx&quot;,&quot;mp4&quot;,&quot;webm&quot;,&quot;wav&quot;],&quot;sizeLimit&quot;:3145728}},&quot;customization&quot;:{&quot;userNameLengthLimit&quot;:25},&quot;browser&quot;:{&quot;enabled&quot;:true,&quot;searchSubChannels&quot;:true,&quot;location&quot;:&quot;right&quot;,&quot;status&quot;:true,&quot;mode&quot;:&quot;full-channels&quot;},&quot;recent&quot;:{&quot;enabled&quot;:true,&quot;excerpts&quot;:true,&quot;status&quot;:false},&quot;incoming&quot;:{&quot;confirm&quot;:true,&quot;focus&quot;:true},&quot;counter&quot;:{&quot;onlineUsers&quot;:false}},&quot;engines&quot;:{&quot;ajax&quot;:{&quot;apiEndpointBase&quot;:&quot;https:\\\/\\\/polana.de\\\/wp-content\\\/plugins\\\/wise-chat\\\/src\\\/endpoints\\\/&quot;,&quot;apiMessagesEndpointBase&quot;:&quot;https:\\\/\\\/polana.de\\\/wp-content\\\/plugins\\\/wise-chat\\\/src\\\/endpoints\\\/&quot;,&quot;apiWPEndpointBase&quot;:&quot;https:\\\/\\\/polana.de\\\/wp-admin\\\/admin-ajax.php&quot;,&quot;refresh&quot;:5000}},&quot;rights&quot;:{&quot;receiveMessages&quot;:true},&quot;notifications&quot;:{&quot;newChat&quot;:{&quot;sound&quot;:&quot;&quot;},&quot;newMessage&quot;:{&quot;title&quot;:false,&quot;sound&quot;:&quot;&quot;,&quot;mode&quot;:&quot;&quot;},&quot;userLeft&quot;:{&quot;sound&quot;:&quot;&quot;,&quot;browserHighlight&quot;:true},&quot;userJoined&quot;:{&quot;sound&quot;:&quot;&quot;,&quot;browserHighlight&quot;:true},&quot;mentioned&quot;:{&quot;sound&quot;:&quot;&quot;}},&quot;i18n&quot;:{&quot;loadingChat&quot;:&quot;Loading the chat ...&quot;,&quot;loading&quot;:&quot;Loading ...&quot;,&quot;sending&quot;:&quot;Sending ...&quot;,&quot;send&quot;:&quot;Send&quot;,&quot;hint&quot;:&quot;Enter message here&quot;,&quot;customize&quot;:&quot;Customize&quot;,&quot;secAgo&quot;:&quot;sec. ago&quot;,&quot;minAgo&quot;:&quot;min. ago&quot;,&quot;yesterday&quot;:&quot;yesterday&quot;,&quot;insertIntoMessage&quot;:&quot;Insert into message&quot;,&quot;users&quot;:&quot;Users&quot;,&quot;channels&quot;:&quot;Channels&quot;,&quot;channel&quot;:&quot;Channel&quot;,&quot;recent&quot;:&quot;Recent&quot;,&quot;chats&quot;:&quot;Chats&quot;,&quot;usersAndChannels&quot;:&quot;Users and Channels&quot;,&quot;noChannels&quot;:&quot;No channels open.&quot;,&quot;noChats&quot;:&quot;No chats open.&quot;,&quot;enterUserName&quot;:&quot;Enter your username&quot;,&quot;logIn&quot;:&quot;Log in&quot;,&quot;logInUsing&quot;:&quot;Log in using&quot;,&quot;logInAnonymously&quot;:&quot;Log in anonymously&quot;,&quot;onlineUsers&quot;:&quot;Online users&quot;}}\">\r\n\t\t<div class=\"wcSidebar wcDesktop\">\r\n\t\t\t<div class=\"wcColumn\">\r\n\t\t\t\t<div class=\"wcHeader\">Chat<\/div>\r\n\t\t\t\t<div class=\"wcContent\">\r\n\t\t\t\t\t<div class=\"wcLoadingContainer\">\r\n\t\t\t\t\t\t<div class=\"wcLoading\">\r\n\t\t\t\t\t\t\t<div class=\"wcLoadingMessage\">Loading the chat ...<\/div>\r\n\t\t\t\t\t\t<\/div>\r\n\t\t\t\t\t<\/div>\r\n\t\t\t\t<\/div>\r\n\t\t\t<\/div>\r\n\t\t<\/div>\r\n\t<\/div>\r\n\r\n<style type=\"text\/css\">#wca6859165348e6558bcdf7d8f3a62eabc  { --wc-z-index: 200000; }\n#popup-root .popup-overlay.wcPopup-overlay { z-index: 200010 !important; }\n#popup-root .popup-content.wcPopup-content { z-index: 200010 !important; }\n#wca6859165348e6558bcdf7d8f3a62eabc .wcSidebar.wcDesktop .wcColumn.wcBrowserColumn { width: 300px; }\n<\/style>\r\n\n","protected":false},"excerpt":{"rendered":"<p>Tutaj zamieszczamy najbli\u017csze daty spotka\u0144.Prosimy tak\u017ce w dniu spotkania o sprawdzenie na stronie, czy dane spotkanie nie zosta\u0142o odwo\u0142ane. Sobota, 25.04.2026, (od. godz. 11:00)Sobota, 11.04.2026, (od. godz. 11:00)!!! spotkanie odwolane !!!Sobota, 28.03.2026, (od. godz. 11:00)Sobota, 14.03.2026, (od. godz. 11:00)Sobota, 28.02.2026,<span class=\"ellipsis\">&hellip;<\/span><\/p>\n<div class=\"read-more\"><a href=\"https:\/\/polana.de\/pl\/termine\/\">Czytaj wi\u0119cej &#8250;<\/a><\/div>\n<p><!-- end of .read-more --><\/p>\n","protected":false},"author":1,"featured_media":0,"parent":0,"menu_order":0,"comment_status":"closed","ping_status":"closed","template":"full-width-page.php","meta":{"footnotes":""},"class_list":["post-94","page","type-page","status-publish","hentry"],"translation":{"provider":"WPGlobus","version":"3.0.0","language":"pl","enabled_languages":["de","pl"],"languages":{"de":{"title":true,"content":true,"excerpt":false},"pl":{"title":true,"content":true,"excerpt":false}}},"yoast_head":"<!-- This site is optimized with the Yoast SEO plugin v25.3 - https:\/\/yoast.com\/wordpress\/plugins\/seo\/ -->\n<title>Daty spotka\u0144 - Polana - grupa dziecieca<\/title>\n<meta name=\"robots\" content=\"index, follow, max-snippet:-1, max-image-preview:large, max-video-preview:-1\" \/>\n<link rel=\"canonical\" href=\"https:\/\/polana.de\/termine\/\" \/>\n<meta property=\"og:locale\" content=\"pl_PL\" \/>\n<meta property=\"og:type\" content=\"article\" \/>\n<meta property=\"og:title\" content=\"Daty spotka\u0144 - Polana - grupa dziecieca\" \/>\n<meta property=\"og:url\" content=\"https:\/\/polana.de\/termine\/\" \/>\n<meta property=\"og:site_name\" content=\"Polana - grupa dziecieca\" \/>\n<meta property=\"article:modified_time\" content=\"2026-04-14T14:36:37+00:00\" \/>\n<meta property=\"og:image\" content=\"https:\/\/polana.de\/wp-content\/uploads\/2020\/02\/wizytowka-polana.jpg\" \/>\n\t<meta property=\"og:image:width\" content=\"449\" \/>\n\t<meta property=\"og:image:height\" content=\"293\" \/>\n\t<meta property=\"og:image:type\" content=\"image\/jpeg\" \/>\n<meta name=\"twitter:card\" content=\"summary_large_image\" \/>\n<meta name=\"twitter:label1\" content=\"Est. reading time\" \/>\n\t<meta name=\"twitter:data1\" content=\"1 minute\" \/>\n<script type=\"application\/ld+json\" class=\"yoast-schema-graph\">{\"@context\":\"https:\/\/schema.org\",\"@graph\":[{\"@type\":\"WebPage\",\"@id\":\"https:\/\/polana.de\/termine\/\",\"url\":\"https:\/\/polana.de\/termine\/\",\"name\":\"Daty spotka\u0144 - Polana - grupa dziecieca\",\"isPartOf\":{\"@id\":\"https:\/\/polana.de\/#website\"},\"datePublished\":\"2018-10-31T23:50:18+00:00\",\"dateModified\":\"2026-04-14T14:36:37+00:00\",\"breadcrumb\":{\"@id\":\"https:\/\/polana.de\/termine\/#breadcrumb\"},\"inLanguage\":\"pl-PL\",\"potentialAction\":[{\"@type\":\"ReadAction\",\"target\":[\"https:\/\/polana.de\/termine\/\"]}]},{\"@type\":\"BreadcrumbList\",\"@id\":\"https:\/\/polana.de\/termine\/#breadcrumb\",\"itemListElement\":[{\"@type\":\"ListItem\",\"position\":1,\"name\":\"Startseite\",\"item\":\"https:\/\/polana.de\/\"},{\"@type\":\"ListItem\",\"position\":2,\"name\":\"Termine\"}]},{\"@type\":\"WebSite\",\"@id\":\"https:\/\/polana.de\/#website\",\"url\":\"https:\/\/polana.de\/\",\"name\":\"Polana - grupa dziecieca\",\"description\":\"Polska grupa dziecieca dla przedszkolakow\",\"potentialAction\":[{\"@type\":\"SearchAction\",\"target\":{\"@type\":\"EntryPoint\",\"urlTemplate\":\"https:\/\/polana.de\/?s={search_term_string}\"},\"query-input\":{\"@type\":\"PropertyValueSpecification\",\"valueRequired\":true,\"valueName\":\"search_term_string\"}}],\"inLanguage\":\"pl-PL\"}]}<\/script>\n<!-- \/ Yoast SEO plugin. -->","yoast_head_json":{"title":"Daty spotka\u0144 - Polana - grupa dziecieca","robots":{"index":"index","follow":"follow","max-snippet":"max-snippet:-1","max-image-preview":"max-image-preview:large","max-video-preview":"max-video-preview:-1"},"canonical":"https:\/\/polana.de\/termine\/","og_locale":"pl_PL","og_type":"article","og_title":"Daty spotka\u0144 - Polana - grupa dziecieca","og_url":"https:\/\/polana.de\/termine\/","og_site_name":"Polana - grupa dziecieca","article_modified_time":"2026-04-14T14:36:37+00:00","og_image":[{"width":449,"height":293,"url":"https:\/\/polana.de\/wp-content\/uploads\/2020\/02\/wizytowka-polana.jpg","type":"image\/jpeg"}],"twitter_card":"summary_large_image","twitter_misc":{"Est. reading time":"1 minute"},"schema":{"@context":"https:\/\/schema.org","@graph":[{"@type":"WebPage","@id":"https:\/\/polana.de\/termine\/","url":"https:\/\/polana.de\/termine\/","name":"Daty spotka\u0144 - Polana - grupa dziecieca","isPartOf":{"@id":"https:\/\/polana.de\/#website"},"datePublished":"2018-10-31T23:50:18+00:00","dateModified":"2026-04-14T14:36:37+00:00","breadcrumb":{"@id":"https:\/\/polana.de\/termine\/#breadcrumb"},"inLanguage":"pl-PL","potentialAction":[{"@type":"ReadAction","target":["https:\/\/polana.de\/termine\/"]}]},{"@type":"BreadcrumbList","@id":"https:\/\/polana.de\/termine\/#breadcrumb","itemListElement":[{"@type":"ListItem","position":1,"name":"Startseite","item":"https:\/\/polana.de\/"},{"@type":"ListItem","position":2,"name":"Termine"}]},{"@type":"WebSite","@id":"https:\/\/polana.de\/#website","url":"https:\/\/polana.de\/","name":"Polana - grupa dziecieca","description":"Polska grupa dziecieca dla przedszkolakow","potentialAction":[{"@type":"SearchAction","target":{"@type":"EntryPoint","urlTemplate":"https:\/\/polana.de\/?s={search_term_string}"},"query-input":{"@type":"PropertyValueSpecification","valueRequired":true,"valueName":"search_term_string"}}],"inLanguage":"pl-PL"}]}},"_links":{"self":[{"href":"https:\/\/polana.de\/pl\/wp-json\/wp\/v2\/pages\/94","targetHints":{"allow":["GET"]}}],"collection":[{"href":"https:\/\/polana.de\/pl\/wp-json\/wp\/v2\/pages"}],"about":[{"href":"https:\/\/polana.de\/pl\/wp-json\/wp\/v2\/types\/page"}],"author":[{"embeddable":true,"href":"https:\/\/polana.de\/pl\/wp-json\/wp\/v2\/users\/1"}],"replies":[{"embeddable":true,"href":"https:\/\/polana.de\/pl\/wp-json\/wp\/v2\/comments?post=94"}],"version-history":[{"count":10,"href":"https:\/\/polana.de\/pl\/wp-json\/wp\/v2\/pages\/94\/revisions"}],"predecessor-version":[{"id":1495,"href":"https:\/\/polana.de\/pl\/wp-json\/wp\/v2\/pages\/94\/revisions\/1495"}],"wp:attachment":[{"href":"https:\/\/polana.de\/pl\/wp-json\/wp\/v2\/media?parent=94"}],"curies":[{"name":"wp","href":"https:\/\/api.w.org\/{rel}","templated":true}]}}