{"id":272,"date":"2019-02-11T17:20:01","date_gmt":"2019-02-11T16:20:01","guid":{"rendered":"http:\/\/polana.de\/?page_id=272"},"modified":"2026-04-08T16:17:49","modified_gmt":"2026-04-08T14:17:49","slug":"polecamy","status":"publish","type":"page","link":"https:\/\/polana.de\/pl\/polecamy\/","title":{"rendered":"Oferty"},"content":{"rendered":"<p><!--StartFragment--><\/p>\n\n\n<figure class=\"wp-block-audio\"><audio controls src=\"https:\/\/radiopl.stream.laut.fm\/radiopl\"><\/audio><figcaption class=\"wp-element-caption\"><img loading=\"lazy\" decoding=\"async\" width=\"35\" height=\"35\" class=\"wp-image-1288\" style=\"width: 35px;\" src=\"https:\/\/polana.de\/wp-content\/uploads\/2025\/02\/radiopl_logo-small.jpeg\" alt=\"RadioPL.de\" srcset=\"https:\/\/polana.de\/wp-content\/uploads\/2025\/02\/radiopl_logo-small.jpeg 120w, https:\/\/polana.de\/wp-content\/uploads\/2025\/02\/radiopl_logo-small-100x100.jpeg 100w\" sizes=\"auto, (max-width: 35px) 100vw, 35px\" \/> RadioPL &#8211; Polskie Radio dla Polonii w Niemczech<br>&#8212;&#8212;&#8212;&#8212;&#8212;&#8212;&#8212;&#8212;&#8212;&#8212;&#8212;&#8212;&#8212;&#8212;&#8212;&#8212;&#8212;&#8212;&#8212;&#8212;&#8212;&#8212;&#8212;&#8212;&#8212;&#8211;<\/figcaption><\/figure>\n\n\n\n<p>Poni\u017cej znajdziecie Pa\u0144stwo dodatkowe oferty dla waszych pociech, kt\u00f3re nie s\u0105  przez nas organizowane. Propozycje te s\u0105 jedynie wyszukane z internetu wi\u0119c prosimy samemu zweryfikowa\u0107 ich aktualno\u015b\u0107.<\/p>\n\n\n\n<figure class=\"wp-block-image size-large\"><a href=\"https:\/\/polana.de\/wp-content\/uploads\/2024\/06\/Libratus-szkola-scaled.jpg\"><img loading=\"lazy\" decoding=\"async\" width=\"642\" height=\"1024\" src=\"https:\/\/polana.de\/wp-content\/uploads\/2024\/06\/Libratus-szkola-642x1024.jpg\" alt=\"Libratus - domowe nauczanie\" class=\"wp-image-1212\" srcset=\"https:\/\/polana.de\/wp-content\/uploads\/2024\/06\/Libratus-szkola-642x1024.jpg 642w, https:\/\/polana.de\/wp-content\/uploads\/2024\/06\/Libratus-szkola-188x300.jpg 188w, https:\/\/polana.de\/wp-content\/uploads\/2024\/06\/Libratus-szkola-768x1224.jpg 768w, https:\/\/polana.de\/wp-content\/uploads\/2024\/06\/Libratus-szkola-963x1536.jpg 963w, https:\/\/polana.de\/wp-content\/uploads\/2024\/06\/Libratus-szkola-1285x2048.jpg 1285w, https:\/\/polana.de\/wp-content\/uploads\/2024\/06\/Libratus-szkola-100x159.jpg 100w, https:\/\/polana.de\/wp-content\/uploads\/2024\/06\/Libratus-szkola-150x239.jpg 150w, https:\/\/polana.de\/wp-content\/uploads\/2024\/06\/Libratus-szkola-200x319.jpg 200w, https:\/\/polana.de\/wp-content\/uploads\/2024\/06\/Libratus-szkola-300x478.jpg 300w, https:\/\/polana.de\/wp-content\/uploads\/2024\/06\/Libratus-szkola-450x717.jpg 450w, https:\/\/polana.de\/wp-content\/uploads\/2024\/06\/Libratus-szkola-600x957.jpg 600w, https:\/\/polana.de\/wp-content\/uploads\/2024\/06\/Libratus-szkola-900x1435.jpg 900w, https:\/\/polana.de\/wp-content\/uploads\/2024\/06\/Libratus-szkola-scaled.jpg 1606w\" sizes=\"auto, (max-width: 642px) 100vw, 642px\" \/><\/a><\/figure>\n\n\n\n<figure class=\"wp-block-image size-full\"><a href=\"https:\/\/www.radio.katowice.pl\/audycje,105,EKO-RANEK.html\" target=\"_blank\" rel=\"Eko-Ranek noopener\"><img loading=\"lazy\" decoding=\"async\" width=\"562\" height=\"700\" src=\"https:\/\/polana.de\/wp-content\/uploads\/2022\/09\/eko-ranek.jpg\" alt=\"Eko-Ranek - Radio Katowice\" class=\"wp-image-807\" srcset=\"https:\/\/polana.de\/wp-content\/uploads\/2022\/09\/eko-ranek.jpg 562w, https:\/\/polana.de\/wp-content\/uploads\/2022\/09\/eko-ranek-241x300.jpg 241w, https:\/\/polana.de\/wp-content\/uploads\/2022\/09\/eko-ranek-100x125.jpg 100w, https:\/\/polana.de\/wp-content\/uploads\/2022\/09\/eko-ranek-150x187.jpg 150w, https:\/\/polana.de\/wp-content\/uploads\/2022\/09\/eko-ranek-200x249.jpg 200w, https:\/\/polana.de\/wp-content\/uploads\/2022\/09\/eko-ranek-300x374.jpg 300w, https:\/\/polana.de\/wp-content\/uploads\/2022\/09\/eko-ranek-450x560.jpg 450w\" sizes=\"auto, (max-width: 562px) 100vw, 562px\" \/><\/a><\/figure>\n\n\n\n<figure class=\"wp-block-image\"><img loading=\"lazy\" decoding=\"async\" width=\"562\" height=\"373\" src=\"https:\/\/polana.de\/wp-content\/uploads\/2019\/02\/rycheza-grupa-zabawowa.jpg\" alt=\"\" class=\"wp-image-273\" srcset=\"https:\/\/polana.de\/wp-content\/uploads\/2019\/02\/rycheza-grupa-zabawowa.jpg 562w, https:\/\/polana.de\/wp-content\/uploads\/2019\/02\/rycheza-grupa-zabawowa-300x199.jpg 300w, https:\/\/polana.de\/wp-content\/uploads\/2019\/02\/rycheza-grupa-zabawowa-100x66.jpg 100w, https:\/\/polana.de\/wp-content\/uploads\/2019\/02\/rycheza-grupa-zabawowa-150x100.jpg 150w, https:\/\/polana.de\/wp-content\/uploads\/2019\/02\/rycheza-grupa-zabawowa-200x133.jpg 200w, https:\/\/polana.de\/wp-content\/uploads\/2019\/02\/rycheza-grupa-zabawowa-450x299.jpg 450w\" sizes=\"auto, (max-width: 562px) 100vw, 562px\" \/><\/figure>\n\n\n\n<figure class=\"wp-block-image\"><img loading=\"lazy\" decoding=\"async\" width=\"570\" height=\"378\" src=\"https:\/\/polana.de\/wp-content\/uploads\/2019\/02\/rycheza-jezyk-polski.jpg\" alt=\"\" class=\"wp-image-274\" srcset=\"https:\/\/polana.de\/wp-content\/uploads\/2019\/02\/rycheza-jezyk-polski.jpg 570w, https:\/\/polana.de\/wp-content\/uploads\/2019\/02\/rycheza-jezyk-polski-300x199.jpg 300w, https:\/\/polana.de\/wp-content\/uploads\/2019\/02\/rycheza-jezyk-polski-100x66.jpg 100w, https:\/\/polana.de\/wp-content\/uploads\/2019\/02\/rycheza-jezyk-polski-150x99.jpg 150w, https:\/\/polana.de\/wp-content\/uploads\/2019\/02\/rycheza-jezyk-polski-200x133.jpg 200w, https:\/\/polana.de\/wp-content\/uploads\/2019\/02\/rycheza-jezyk-polski-450x298.jpg 450w\" sizes=\"auto, (max-width: 570px) 100vw, 570px\" \/><figcaption class=\"wp-element-caption\"><br><br><\/figcaption><\/figure>\n\n\n\n<figure class=\"wp-block-image is-resized\"><a href=\"http:\/\/jpolski.de\/\" target=\"_blank\" rel=\"noreferrer noopener\"><img loading=\"lazy\" decoding=\"async\" width=\"940\" height=\"382\" src=\"https:\/\/polana.de\/wp-content\/uploads\/2019\/02\/polski-jezyk-zwiazek-nauczycieli.jpg\" alt=\"Zwi\u0105zek Nauczycieli J\u0119zyka Polskiego i Pedagog\u00f3w z.T. w Niemczech\" class=\"wp-image-278\" style=\"width:570px;height:186px\" srcset=\"https:\/\/polana.de\/wp-content\/uploads\/2019\/02\/polski-jezyk-zwiazek-nauczycieli.jpg 940w, https:\/\/polana.de\/wp-content\/uploads\/2019\/02\/polski-jezyk-zwiazek-nauczycieli-300x122.jpg 300w, https:\/\/polana.de\/wp-content\/uploads\/2019\/02\/polski-jezyk-zwiazek-nauczycieli-768x312.jpg 768w, https:\/\/polana.de\/wp-content\/uploads\/2019\/02\/polski-jezyk-zwiazek-nauczycieli-100x41.jpg 100w, https:\/\/polana.de\/wp-content\/uploads\/2019\/02\/polski-jezyk-zwiazek-nauczycieli-150x61.jpg 150w, https:\/\/polana.de\/wp-content\/uploads\/2019\/02\/polski-jezyk-zwiazek-nauczycieli-200x81.jpg 200w, https:\/\/polana.de\/wp-content\/uploads\/2019\/02\/polski-jezyk-zwiazek-nauczycieli-450x183.jpg 450w, https:\/\/polana.de\/wp-content\/uploads\/2019\/02\/polski-jezyk-zwiazek-nauczycieli-600x244.jpg 600w, https:\/\/polana.de\/wp-content\/uploads\/2019\/02\/polski-jezyk-zwiazek-nauczycieli-900x366.jpg 900w\" sizes=\"auto, (max-width: 940px) 100vw, 940px\" \/><\/a><\/figure>\n\n\n<div id=\"attachment_307\" style=\"width: 580px\" class=\"wp-caption alignnone\"><a href=\"https:\/\/polana.de\/wp-content\/uploads\/2019\/02\/Jezyk-Polski-NRW.pdf\" data-wplink-edit=\"true\"><img loading=\"lazy\" decoding=\"async\" aria-describedby=\"caption-attachment-307\" class=\"size-full wp-image-307\" src=\"https:\/\/polana.de\/wp-content\/uploads\/2019\/02\/jezyk-polski.jpg\" alt=\"nauka jezyka polskiego\" width=\"570\" height=\"747\" srcset=\"https:\/\/polana.de\/wp-content\/uploads\/2019\/02\/jezyk-polski.jpg 570w, https:\/\/polana.de\/wp-content\/uploads\/2019\/02\/jezyk-polski-229x300.jpg 229w, https:\/\/polana.de\/wp-content\/uploads\/2019\/02\/jezyk-polski-100x131.jpg 100w, https:\/\/polana.de\/wp-content\/uploads\/2019\/02\/jezyk-polski-150x197.jpg 150w, https:\/\/polana.de\/wp-content\/uploads\/2019\/02\/jezyk-polski-200x262.jpg 200w, https:\/\/polana.de\/wp-content\/uploads\/2019\/02\/jezyk-polski-300x393.jpg 300w, https:\/\/polana.de\/wp-content\/uploads\/2019\/02\/jezyk-polski-450x590.jpg 450w\" sizes=\"auto, (max-width: 570px) 100vw, 570px\" \/><\/a><p id=\"caption-attachment-307\" class=\"wp-caption-text\">Nauka jezyka polskiego jako ojczystego<\/p><\/div>\n<p><!--EndFragment--><\/p>\n\n\n<figure class=\"wp-block-image size-large is-resized\"><a href=\"https:\/\/polana.de\/wp-content\/uploads\/2023\/10\/szkola_rycheza_koeln.jpg\"><img loading=\"lazy\" decoding=\"async\" width=\"722\" height=\"1024\" src=\"https:\/\/polana.de\/wp-content\/uploads\/2023\/10\/szkola_rycheza_koeln-722x1024.jpg\" alt=\"\" class=\"wp-image-923\" style=\"width:572px;height:798px\" srcset=\"https:\/\/polana.de\/wp-content\/uploads\/2023\/10\/szkola_rycheza_koeln-722x1024.jpg 722w, https:\/\/polana.de\/wp-content\/uploads\/2023\/10\/szkola_rycheza_koeln-211x300.jpg 211w, https:\/\/polana.de\/wp-content\/uploads\/2023\/10\/szkola_rycheza_koeln-768x1090.jpg 768w, https:\/\/polana.de\/wp-content\/uploads\/2023\/10\/szkola_rycheza_koeln-100x142.jpg 100w, https:\/\/polana.de\/wp-content\/uploads\/2023\/10\/szkola_rycheza_koeln-150x213.jpg 150w, https:\/\/polana.de\/wp-content\/uploads\/2023\/10\/szkola_rycheza_koeln-200x284.jpg 200w, https:\/\/polana.de\/wp-content\/uploads\/2023\/10\/szkola_rycheza_koeln-300x426.jpg 300w, https:\/\/polana.de\/wp-content\/uploads\/2023\/10\/szkola_rycheza_koeln-450x638.jpg 450w, https:\/\/polana.de\/wp-content\/uploads\/2023\/10\/szkola_rycheza_koeln-600x851.jpg 600w, https:\/\/polana.de\/wp-content\/uploads\/2023\/10\/szkola_rycheza_koeln.jpg 874w\" sizes=\"auto, (max-width: 722px) 100vw, 722px\" \/><\/a><\/figure>\n\n\n\n<figure class=\"wp-block-image size-full\"><a href=\"https:\/\/polana.de\/wp-content\/uploads\/2026\/04\/polana_ulotka2026.jpg\"><img loading=\"lazy\" decoding=\"async\" width=\"565\" height=\"800\" src=\"https:\/\/polana.de\/wp-content\/uploads\/2026\/04\/polana_ulotka2026.jpg\" alt=\"Polana - Spotkania dla dzieci\" class=\"wp-image-1484\" srcset=\"https:\/\/polana.de\/wp-content\/uploads\/2026\/04\/polana_ulotka2026.jpg 565w, https:\/\/polana.de\/wp-content\/uploads\/2026\/04\/polana_ulotka2026-212x300.jpg 212w, https:\/\/polana.de\/wp-content\/uploads\/2026\/04\/polana_ulotka2026-100x142.jpg 100w, https:\/\/polana.de\/wp-content\/uploads\/2026\/04\/polana_ulotka2026-150x212.jpg 150w, https:\/\/polana.de\/wp-content\/uploads\/2026\/04\/polana_ulotka2026-200x283.jpg 200w, https:\/\/polana.de\/wp-content\/uploads\/2026\/04\/polana_ulotka2026-300x425.jpg 300w, https:\/\/polana.de\/wp-content\/uploads\/2026\/04\/polana_ulotka2026-450x637.jpg 450w\" sizes=\"auto, (max-width: 565px) 100vw, 565px\" \/><\/a><\/figure>\n","protected":false},"excerpt":{"rendered":"<p>Poni\u017cej znajdziecie Pa\u0144stwo dodatkowe oferty dla waszych pociech, kt\u00f3re nie s\u0105 przez nas organizowane. Propozycje te s\u0105 jedynie wyszukane z internetu wi\u0119c prosimy samemu zweryfikowa\u0107 ich aktualno\u015b\u0107.<\/p>\n","protected":false},"author":1,"featured_media":0,"parent":0,"menu_order":0,"comment_status":"closed","ping_status":"closed","template":"full-width-page.php","meta":{"footnotes":""},"class_list":["post-272","page","type-page","status-publish","hentry"],"translation":{"provider":"WPGlobus","version":"3.0.0","language":"pl","enabled_languages":["de","pl"],"languages":{"de":{"title":true,"content":true,"excerpt":false},"pl":{"title":true,"content":true,"excerpt":false}}},"yoast_head":"<!-- This site is optimized with the Yoast SEO plugin v25.3 - https:\/\/yoast.com\/wordpress\/plugins\/seo\/ -->\n<title>Oferty - Polana - grupa dziecieca<\/title>\n<meta name=\"robots\" content=\"index, follow, max-snippet:-1, max-image-preview:large, max-video-preview:-1\" \/>\n<link rel=\"canonical\" href=\"https:\/\/polana.de\/polecamy\/\" \/>\n<meta property=\"og:locale\" content=\"pl_PL\" \/>\n<meta property=\"og:type\" content=\"article\" \/>\n<meta property=\"og:title\" content=\"Oferty - Polana - grupa dziecieca\" \/>\n<meta property=\"og:url\" content=\"https:\/\/polana.de\/polecamy\/\" \/>\n<meta property=\"og:site_name\" content=\"Polana - grupa dziecieca\" \/>\n<meta property=\"article:modified_time\" content=\"2026-04-08T14:17:49+00:00\" \/>\n<meta property=\"og:image\" content=\"https:\/\/polana.de\/wp-content\/uploads\/2022\/09\/eko-ranek.jpg\" \/>\n\t<meta property=\"og:image:width\" content=\"562\" \/>\n\t<meta property=\"og:image:height\" content=\"700\" \/>\n\t<meta property=\"og:image:type\" content=\"image\/jpeg\" \/>\n<meta name=\"twitter:card\" content=\"summary_large_image\" \/>\n<meta name=\"twitter:label1\" content=\"Est. reading time\" \/>\n\t<meta name=\"twitter:data1\" content=\"3 minutes\" \/>\n<script type=\"application\/ld+json\" class=\"yoast-schema-graph\">{\"@context\":\"https:\/\/schema.org\",\"@graph\":[{\"@type\":\"WebPage\",\"@id\":\"https:\/\/polana.de\/polecamy\/\",\"url\":\"https:\/\/polana.de\/polecamy\/\",\"name\":\"Oferty - Polana - grupa dziecieca\",\"isPartOf\":{\"@id\":\"https:\/\/polana.de\/#website\"},\"primaryImageOfPage\":{\"@id\":\"https:\/\/polana.de\/polecamy\/#primaryimage\"},\"image\":{\"@id\":\"https:\/\/polana.de\/polecamy\/#primaryimage\"},\"thumbnailUrl\":\"https:\/\/polana.de\/wp-content\/uploads\/2022\/09\/eko-ranek.jpg\",\"datePublished\":\"2019-02-11T16:20:01+00:00\",\"dateModified\":\"2026-04-08T14:17:49+00:00\",\"breadcrumb\":{\"@id\":\"https:\/\/polana.de\/polecamy\/#breadcrumb\"},\"inLanguage\":\"pl-PL\",\"potentialAction\":[{\"@type\":\"ReadAction\",\"target\":[\"https:\/\/polana.de\/polecamy\/\"]}]},{\"@type\":\"ImageObject\",\"inLanguage\":\"pl-PL\",\"@id\":\"https:\/\/polana.de\/polecamy\/#primaryimage\",\"url\":\"https:\/\/polana.de\/wp-content\/uploads\/2022\/09\/eko-ranek.jpg\",\"contentUrl\":\"https:\/\/polana.de\/wp-content\/uploads\/2022\/09\/eko-ranek.jpg\"},{\"@type\":\"BreadcrumbList\",\"@id\":\"https:\/\/polana.de\/polecamy\/#breadcrumb\",\"itemListElement\":[{\"@type\":\"ListItem\",\"position\":1,\"name\":\"Startseite\",\"item\":\"https:\/\/polana.de\/\"},{\"@type\":\"ListItem\",\"position\":2,\"name\":\"Angebot\"}]},{\"@type\":\"WebSite\",\"@id\":\"https:\/\/polana.de\/#website\",\"url\":\"https:\/\/polana.de\/\",\"name\":\"Polana - grupa dziecieca\",\"description\":\"Polska grupa dziecieca dla przedszkolakow\",\"potentialAction\":[{\"@type\":\"SearchAction\",\"target\":{\"@type\":\"EntryPoint\",\"urlTemplate\":\"https:\/\/polana.de\/?s={search_term_string}\"},\"query-input\":{\"@type\":\"PropertyValueSpecification\",\"valueRequired\":true,\"valueName\":\"search_term_string\"}}],\"inLanguage\":\"pl-PL\"}]}<\/script>\n<!-- \/ Yoast SEO plugin. -->","yoast_head_json":{"title":"Oferty - Polana - grupa dziecieca","robots":{"index":"index","follow":"follow","max-snippet":"max-snippet:-1","max-image-preview":"max-image-preview:large","max-video-preview":"max-video-preview:-1"},"canonical":"https:\/\/polana.de\/polecamy\/","og_locale":"pl_PL","og_type":"article","og_title":"Oferty - Polana - grupa dziecieca","og_url":"https:\/\/polana.de\/polecamy\/","og_site_name":"Polana - grupa dziecieca","article_modified_time":"2026-04-08T14:17:49+00:00","og_image":[{"width":562,"height":700,"url":"https:\/\/polana.de\/wp-content\/uploads\/2022\/09\/eko-ranek.jpg","type":"image\/jpeg"}],"twitter_card":"summary_large_image","twitter_misc":{"Est. reading time":"3 minutes"},"schema":{"@context":"https:\/\/schema.org","@graph":[{"@type":"WebPage","@id":"https:\/\/polana.de\/polecamy\/","url":"https:\/\/polana.de\/polecamy\/","name":"Oferty - Polana - grupa dziecieca","isPartOf":{"@id":"https:\/\/polana.de\/#website"},"primaryImageOfPage":{"@id":"https:\/\/polana.de\/polecamy\/#primaryimage"},"image":{"@id":"https:\/\/polana.de\/polecamy\/#primaryimage"},"thumbnailUrl":"https:\/\/polana.de\/wp-content\/uploads\/2022\/09\/eko-ranek.jpg","datePublished":"2019-02-11T16:20:01+00:00","dateModified":"2026-04-08T14:17:49+00:00","breadcrumb":{"@id":"https:\/\/polana.de\/polecamy\/#breadcrumb"},"inLanguage":"pl-PL","potentialAction":[{"@type":"ReadAction","target":["https:\/\/polana.de\/polecamy\/"]}]},{"@type":"ImageObject","inLanguage":"pl-PL","@id":"https:\/\/polana.de\/polecamy\/#primaryimage","url":"https:\/\/polana.de\/wp-content\/uploads\/2022\/09\/eko-ranek.jpg","contentUrl":"https:\/\/polana.de\/wp-content\/uploads\/2022\/09\/eko-ranek.jpg"},{"@type":"BreadcrumbList","@id":"https:\/\/polana.de\/polecamy\/#breadcrumb","itemListElement":[{"@type":"ListItem","position":1,"name":"Startseite","item":"https:\/\/polana.de\/"},{"@type":"ListItem","position":2,"name":"Angebot"}]},{"@type":"WebSite","@id":"https:\/\/polana.de\/#website","url":"https:\/\/polana.de\/","name":"Polana - grupa dziecieca","description":"Polska grupa dziecieca dla przedszkolakow","potentialAction":[{"@type":"SearchAction","target":{"@type":"EntryPoint","urlTemplate":"https:\/\/polana.de\/?s={search_term_string}"},"query-input":{"@type":"PropertyValueSpecification","valueRequired":true,"valueName":"search_term_string"}}],"inLanguage":"pl-PL"}]}},"_links":{"self":[{"href":"https:\/\/polana.de\/pl\/wp-json\/wp\/v2\/pages\/272","targetHints":{"allow":["GET"]}}],"collection":[{"href":"https:\/\/polana.de\/pl\/wp-json\/wp\/v2\/pages"}],"about":[{"href":"https:\/\/polana.de\/pl\/wp-json\/wp\/v2\/types\/page"}],"author":[{"embeddable":true,"href":"https:\/\/polana.de\/pl\/wp-json\/wp\/v2\/users\/1"}],"replies":[{"embeddable":true,"href":"https:\/\/polana.de\/pl\/wp-json\/wp\/v2\/comments?post=272"}],"version-history":[{"count":10,"href":"https:\/\/polana.de\/pl\/wp-json\/wp\/v2\/pages\/272\/revisions"}],"predecessor-version":[{"id":1487,"href":"https:\/\/polana.de\/pl\/wp-json\/wp\/v2\/pages\/272\/revisions\/1487"}],"wp:attachment":[{"href":"https:\/\/polana.de\/pl\/wp-json\/wp\/v2\/media?parent=272"}],"curies":[{"name":"wp","href":"https:\/\/api.w.org\/{rel}","templated":true}]}}