{"id":21,"date":"2018-10-26T09:57:57","date_gmt":"2018-10-26T07:57:57","guid":{"rendered":"http:\/\/polana.de\/?page_id=21"},"modified":"2018-11-01T01:55:13","modified_gmt":"2018-11-01T00:55:13","slug":"dojazd-anfahrt","status":"publish","type":"page","link":"https:\/\/polana.de\/pl\/dojazd-anfahrt\/","title":{"rendered":"Dojazd"},"content":{"rendered":"<p>Adres spotka\u0144:<\/p>\n<p>FiM &#8211; Fachdienst f\u00fcr Integration und Migration<br \/>\nLerbacher Weg 4<br \/>\nInternationale Begegnungsst\u00e4tte (pierwsze pi\u0119tro)<br \/>\n51469 Bergisch Gladbach<\/p>\n<p>MAPA : <a href=\"http:\/\/maps.google.de\/maps?f=q&amp;source=embed&amp;hl=de&amp;geocode=&amp;q=lerbacher+weg+4&amp;aq=&amp;sll=50.847223,7.021795&amp;sspn=0.678056,1.234589&amp;ie=UTF8&amp;hq=&amp;hnear=Lerbacher+Weg+4,+Heidkamp+51469+Bergisch+Gladbach,+K%C3%B6ln,+Nordrhein-Westfalen&amp;t=m&amp;z=14&amp;iwloc=A\" target=\"_blank\" rel=\"noopener\">Gr\u00f6\u00dfere Kartenansicht<\/a><\/p>\n<p>\u0141atwy dojazd z Kolonii:<br \/>\nS11 do Bergisch Gladbach, a nastepnie autobus 227 do przystanku<br \/>\nMartin-Luther-Str.<\/p>\n","protected":false},"excerpt":{"rendered":"<p>Adres spotka\u0144: FiM &#8211; Fachdienst f\u00fcr Integration und Migration Lerbacher Weg 4 Internationale Begegnungsst\u00e4tte (pierwsze pi\u0119tro) 51469 Bergisch Gladbach MAPA : Gr\u00f6\u00dfere Kartenansicht \u0141atwy dojazd z Kolonii: S11 do Bergisch Gladbach, a nastepnie autobus 227 do przystanku Martin-Luther-Str.<\/p>\n","protected":false},"author":1,"featured_media":0,"parent":0,"menu_order":0,"comment_status":"closed","ping_status":"closed","template":"full-width-page.php","meta":{"footnotes":""},"class_list":["post-21","page","type-page","status-publish","hentry"],"translation":{"provider":"WPGlobus","version":"3.0.0","language":"pl","enabled_languages":["de","pl"],"languages":{"de":{"title":true,"content":true,"excerpt":false},"pl":{"title":true,"content":true,"excerpt":false}}},"yoast_head":"<!-- This site is optimized with the Yoast SEO plugin v25.3 - https:\/\/yoast.com\/wordpress\/plugins\/seo\/ -->\n<title>Dojazd - Polana - grupa dziecieca<\/title>\n<meta name=\"robots\" content=\"index, follow, max-snippet:-1, max-image-preview:large, max-video-preview:-1\" \/>\n<link rel=\"canonical\" href=\"https:\/\/polana.de\/dojazd-anfahrt\/\" \/>\n<meta property=\"og:locale\" content=\"pl_PL\" \/>\n<meta property=\"og:type\" content=\"article\" \/>\n<meta property=\"og:title\" content=\"Dojazd - Polana - grupa dziecieca\" \/>\n<meta property=\"og:url\" content=\"https:\/\/polana.de\/dojazd-anfahrt\/\" \/>\n<meta property=\"og:site_name\" content=\"Polana - grupa dziecieca\" \/>\n<meta property=\"article:modified_time\" content=\"2018-11-01T00:55:13+00:00\" \/>\n<meta property=\"og:image\" content=\"https:\/\/polana.de\/wp-content\/uploads\/2020\/02\/wizytowka-polana.jpg\" \/>\n\t<meta property=\"og:image:width\" content=\"449\" \/>\n\t<meta property=\"og:image:height\" content=\"293\" \/>\n\t<meta property=\"og:image:type\" content=\"image\/jpeg\" \/>\n<meta name=\"twitter:card\" content=\"summary_large_image\" \/>\n<script type=\"application\/ld+json\" class=\"yoast-schema-graph\">{\"@context\":\"https:\/\/schema.org\",\"@graph\":[{\"@type\":\"WebPage\",\"@id\":\"https:\/\/polana.de\/dojazd-anfahrt\/\",\"url\":\"https:\/\/polana.de\/dojazd-anfahrt\/\",\"name\":\"Dojazd - Polana - grupa dziecieca\",\"isPartOf\":{\"@id\":\"https:\/\/polana.de\/#website\"},\"datePublished\":\"2018-10-26T07:57:57+00:00\",\"dateModified\":\"2018-11-01T00:55:13+00:00\",\"breadcrumb\":{\"@id\":\"https:\/\/polana.de\/dojazd-anfahrt\/#breadcrumb\"},\"inLanguage\":\"pl-PL\",\"potentialAction\":[{\"@type\":\"ReadAction\",\"target\":[\"https:\/\/polana.de\/dojazd-anfahrt\/\"]}]},{\"@type\":\"BreadcrumbList\",\"@id\":\"https:\/\/polana.de\/dojazd-anfahrt\/#breadcrumb\",\"itemListElement\":[{\"@type\":\"ListItem\",\"position\":1,\"name\":\"Startseite\",\"item\":\"https:\/\/polana.de\/\"},{\"@type\":\"ListItem\",\"position\":2,\"name\":\"Anfahrt\"}]},{\"@type\":\"WebSite\",\"@id\":\"https:\/\/polana.de\/#website\",\"url\":\"https:\/\/polana.de\/\",\"name\":\"Polana - grupa dziecieca\",\"description\":\"Polska grupa dziecieca dla przedszkolakow\",\"potentialAction\":[{\"@type\":\"SearchAction\",\"target\":{\"@type\":\"EntryPoint\",\"urlTemplate\":\"https:\/\/polana.de\/?s={search_term_string}\"},\"query-input\":{\"@type\":\"PropertyValueSpecification\",\"valueRequired\":true,\"valueName\":\"search_term_string\"}}],\"inLanguage\":\"pl-PL\"}]}<\/script>\n<!-- \/ Yoast SEO plugin. -->","yoast_head_json":{"title":"Dojazd - Polana - grupa dziecieca","robots":{"index":"index","follow":"follow","max-snippet":"max-snippet:-1","max-image-preview":"max-image-preview:large","max-video-preview":"max-video-preview:-1"},"canonical":"https:\/\/polana.de\/dojazd-anfahrt\/","og_locale":"pl_PL","og_type":"article","og_title":"Dojazd - Polana - grupa dziecieca","og_url":"https:\/\/polana.de\/dojazd-anfahrt\/","og_site_name":"Polana - grupa dziecieca","article_modified_time":"2018-11-01T00:55:13+00:00","og_image":[{"width":449,"height":293,"url":"https:\/\/polana.de\/wp-content\/uploads\/2020\/02\/wizytowka-polana.jpg","type":"image\/jpeg"}],"twitter_card":"summary_large_image","schema":{"@context":"https:\/\/schema.org","@graph":[{"@type":"WebPage","@id":"https:\/\/polana.de\/dojazd-anfahrt\/","url":"https:\/\/polana.de\/dojazd-anfahrt\/","name":"Dojazd - Polana - grupa dziecieca","isPartOf":{"@id":"https:\/\/polana.de\/#website"},"datePublished":"2018-10-26T07:57:57+00:00","dateModified":"2018-11-01T00:55:13+00:00","breadcrumb":{"@id":"https:\/\/polana.de\/dojazd-anfahrt\/#breadcrumb"},"inLanguage":"pl-PL","potentialAction":[{"@type":"ReadAction","target":["https:\/\/polana.de\/dojazd-anfahrt\/"]}]},{"@type":"BreadcrumbList","@id":"https:\/\/polana.de\/dojazd-anfahrt\/#breadcrumb","itemListElement":[{"@type":"ListItem","position":1,"name":"Startseite","item":"https:\/\/polana.de\/"},{"@type":"ListItem","position":2,"name":"Anfahrt"}]},{"@type":"WebSite","@id":"https:\/\/polana.de\/#website","url":"https:\/\/polana.de\/","name":"Polana - grupa dziecieca","description":"Polska grupa dziecieca dla przedszkolakow","potentialAction":[{"@type":"SearchAction","target":{"@type":"EntryPoint","urlTemplate":"https:\/\/polana.de\/?s={search_term_string}"},"query-input":{"@type":"PropertyValueSpecification","valueRequired":true,"valueName":"search_term_string"}}],"inLanguage":"pl-PL"}]}},"_links":{"self":[{"href":"https:\/\/polana.de\/pl\/wp-json\/wp\/v2\/pages\/21","targetHints":{"allow":["GET"]}}],"collection":[{"href":"https:\/\/polana.de\/pl\/wp-json\/wp\/v2\/pages"}],"about":[{"href":"https:\/\/polana.de\/pl\/wp-json\/wp\/v2\/types\/page"}],"author":[{"embeddable":true,"href":"https:\/\/polana.de\/pl\/wp-json\/wp\/v2\/users\/1"}],"replies":[{"embeddable":true,"href":"https:\/\/polana.de\/pl\/wp-json\/wp\/v2\/comments?post=21"}],"version-history":[{"count":5,"href":"https:\/\/polana.de\/pl\/wp-json\/wp\/v2\/pages\/21\/revisions"}],"predecessor-version":[{"id":112,"href":"https:\/\/polana.de\/pl\/wp-json\/wp\/v2\/pages\/21\/revisions\/112"}],"wp:attachment":[{"href":"https:\/\/polana.de\/pl\/wp-json\/wp\/v2\/media?parent=21"}],"curies":[{"name":"wp","href":"https:\/\/api.w.org\/{rel}","templated":true}]}}